{"id":8141,"date":"2022-02-14T13:30:02","date_gmt":"2022-02-14T13:30:02","guid":{"rendered":"http:\/\/aypconsultores.srtv.cl\/?page_id=8141"},"modified":"2022-02-22T14:25:18","modified_gmt":"2022-02-22T14:25:18","slug":"quienes-somos","status":"publish","type":"page","link":"https:\/\/aypconsultores.cl\/index.php\/quienes-somos\/","title":{"rendered":"Qui\u00e9nes somos"},"content":{"rendered":"<section class=\"l-section wpb_row height_custom with_video with_youtube with_shape\"><div id=\"us_bg_video_xe50\" class=\"l-section-video\"><script>!function(w){var node = document.getElementById( 'us_bg_video_xe50' );if ( w.innerWidth <= 1024 ) { node.remove() }}(window);<\/script><style>@media(max-width:1024px){#us_bg_video_xe50{display:none!important}}<\/style><script id=\"youtube_xe50\">\r\n\t\t\t\t\twindow.USYTPlayers = ( window.USYTPlayers || { initYTFunctions: [], optionsYT: [], USYTInited: false } );\r\n\t\t\t\t\twindow.USYTPlayers.initYTFunctions.push( function() {\r\n\t\t\t\t\t\tvar player = new YT.Player( \"youtube_xe50\" , {\r\n\t\t\t\t\t\t\tvideoId: \"20vWIZexj24\",\r\n\t\t\t\t\t\t\tplayerVars: {\"playlist\":\"20vWIZexj24\",\"autohide\":1,\"autoplay\":1,\"mute\":1,\"controls\":0,\"disablekb\":1,\"enablejsapi\":1,\"fs\":0,\"loop\":1,\"rel\":0,\"showinfo\":0},\r\n\t\t\t\t\t\t\tevents: {\r\n\t\t\t\t\t\t\t\tonReady: function ( e ) {\r\n\t\t\t\t\t\t\t\t\te.target.mute();\r\n\t\t\t\t\t\t\t\t\te.target.playVideo();\r\n\t\t\t\t\t\t\t\t\te.target.g.allow = \"autoplay; fullscreen; picture-in-picture\";\r\n\t\t\t\t\t\t\t\t\te.target.g.width = window.innerWidth;\r\n\t\t\t\t\t\t\t\t\te.target.g.loading = \"lazy\";\r\n\t\t\t\t\t\t\t\t\te.target.g.dispatchEvent( new Event( \"resize\", { bubbles: true } ) );\r\n\t\t\t\t\t\t\t\t}\r\n\t\t\t\t\t\t\t}\r\n\t\t\t\t\t\t});\r\n\t\t\t\t\t\tdocument.querySelector( \"script#youtube_api_xe50\" ).remove();\r\n\t\t\t\t\t} );\r\n\t\t\t\t\twindow.onYouTubeIframeAPIReady = function() {\r\n\t\t\t\t\t\twindow.USYTPlayers.initYTFunctions.forEach( function( YTPlayer ) {\r\n\t\t\t\t\t\t\tif ( typeof YTPlayer === \"function\" ) {\r\n\t\t\t\t\t\t\t\tYTPlayer();\r\n\t\t\t\t\t\t\t}\r\n\t\t\t\t\t\t} );\r\n\t\t\t\t\t};\r\n\t\t\t\t\tvar script = document.createElement( \"script\" );\r\n\t\t\t\t\tscript.id = \"youtube_api_xe50\";\r\n\t\t\t\t\tscript.src = \"https:\/\/www.youtube.com\/iframe_api\";\r\n\t\t\t\t\tdocument.head.append( script );\r\n\t\t\t\t<\/script><\/div><div class=\"l-section-overlay\" style=\"background:rgba(26,26,26,0.50)\"><\/div><div class=\"l-section-shape type_custom pos_bottom\" style=\"height:15vmin;\"><img loading=\"lazy\" decoding=\"async\" width=\"1920\" height=\"279\" src=\"https:\/\/aypconsultores.cl\/wp-content\/uploads\/2022\/02\/ondasuperior.png\" class=\"attachment-full size-full\" alt=\"\" srcset=\"https:\/\/aypconsultores.cl\/wp-content\/uploads\/2022\/02\/ondasuperior.png 1920w, https:\/\/aypconsultores.cl\/wp-content\/uploads\/2022\/02\/ondasuperior-600x87.png 600w, https:\/\/aypconsultores.cl\/wp-content\/uploads\/2022\/02\/ondasuperior-300x44.png 300w, https:\/\/aypconsultores.cl\/wp-content\/uploads\/2022\/02\/ondasuperior-1024x149.png 1024w, https:\/\/aypconsultores.cl\/wp-content\/uploads\/2022\/02\/ondasuperior-1536x223.png 1536w\" sizes=\"auto, (max-width: 1920px) 100vw, 1920px\" \/><\/div><div class=\"l-section-h i-cf\"><div class=\"g-cols vc_row via_grid cols_1 laptops-cols_inherit tablets-cols_inherit mobiles-cols_1 valign_top type_default stacking_default\"><div class=\"wpb_column vc_column_container\"><div class=\"vc_column-inner\"><div class=\"w-separator size_huge\"><\/div><div class=\"wpb_text_column us_custom_d44d8758 has_text_color\"><div class=\"wpb_wrapper\"><h2 style=\"text-align: center;\"><strong>QUI\u00c9NES SOMOS<\/strong><\/h2>\n<\/div><\/div><div class=\"w-separator size_huge\"><\/div><\/div><\/div><\/div><\/div><\/section><section class=\"l-section wpb_row height_custom\"><div class=\"l-section-h i-cf\"><div class=\"g-cols vc_row via_grid cols_2-1 laptops-cols_inherit tablets-cols_inherit mobiles-cols_1 valign_top type_default stacking_default\"><div class=\"wpb_column vc_column_container\"><div class=\"vc_column-inner\"><div class=\"wpb_text_column us_custom_432d3f53\"><div class=\"wpb_wrapper\"><p>Gesti\u00f3n e Ingenier\u00eda de Proyecto A&amp;P es una empresa creada en el a\u00f1o 2012, formada por un equipo profesional multidisciplinario de alto nivel t\u00e9cnico y con un enfoque de socio colaborador estrat\u00e9gico que entiende perfectamente la importancia de cada uno de tus proyectos.<\/p>\n<p>Nos caracterizamos por brindar una asesor\u00eda responsable, especializada y personalizada a cada uno de nuestros clientes con soluciones concretas, oportunas y t\u00e9cnicamente factibles a sus proyectos.<\/p>\n<p>Nuestras capacidades de gesti\u00f3n es otro elemento que nos distingue, ya que estamos conscientes que el \u00e9xito de tus proyectos tambi\u00e9n depende de su gesti\u00f3n y como se defienden t\u00e9cnicamente ante los distintos organismos p\u00fablicos que participan de su aprobaci\u00f3n.<\/p>\n<p>Nuestros profesionales cuentan con los conocimientos y software necesarios para atender todas las necesidades de nuestros clientes, adem\u00e1s un compromiso \u00fanico por entregar una soluci\u00f3n integral y adecuada frente a los nuevos desaf\u00edos que presenta nuestra sociedad actual.<\/p>\n<\/div><\/div><\/div><\/div><div class=\"wpb_column vc_column_container\"><div class=\"vc_column-inner\"><div class=\"w-image align_center\"><div class=\"w-image-h\"><img decoding=\"async\" width=\"500\" height=\"500\" src=\"https:\/\/aypconsultores.cl\/wp-content\/uploads\/2022\/02\/icono.png\" class=\"attachment-large size-large\" alt=\"\" loading=\"lazy\" srcset=\"https:\/\/aypconsultores.cl\/wp-content\/uploads\/2022\/02\/icono.png 500w, https:\/\/aypconsultores.cl\/wp-content\/uploads\/2022\/02\/icono-300x300.png 300w, https:\/\/aypconsultores.cl\/wp-content\/uploads\/2022\/02\/icono-150x150.png 150w\" sizes=\"auto, (max-width: 500px) 100vw, 500px\" \/><\/div><\/div><\/div><\/div><\/div><\/div><\/section><section class=\"l-section wpb_row height_custom with_shape\"><div class=\"l-section-overlay\" style=\"background:#e8e8e8\"><\/div><div class=\"l-section-shape type_custom pos_top\" style=\"height:15vmin;\"><img loading=\"lazy\" decoding=\"async\" width=\"1920\" height=\"250\" src=\"https:\/\/aypconsultores.cl\/wp-content\/uploads\/2022\/02\/ondainferior-2.png\" class=\"attachment-full size-full\" alt=\"\" srcset=\"https:\/\/aypconsultores.cl\/wp-content\/uploads\/2022\/02\/ondainferior-2.png 1920w, https:\/\/aypconsultores.cl\/wp-content\/uploads\/2022\/02\/ondainferior-2-600x78.png 600w, https:\/\/aypconsultores.cl\/wp-content\/uploads\/2022\/02\/ondainferior-2-300x39.png 300w, https:\/\/aypconsultores.cl\/wp-content\/uploads\/2022\/02\/ondainferior-2-1024x133.png 1024w, https:\/\/aypconsultores.cl\/wp-content\/uploads\/2022\/02\/ondainferior-2-1536x200.png 1536w\" sizes=\"auto, (max-width: 1920px) 100vw, 1920px\" \/><\/div><div class=\"l-section-shape type_custom pos_bottom\" style=\"height:15vmin;\"><img loading=\"lazy\" decoding=\"async\" width=\"1920\" height=\"279\" src=\"https:\/\/aypconsultores.cl\/wp-content\/uploads\/2022\/02\/ondasuperior.png\" class=\"attachment-full size-full\" alt=\"\" srcset=\"https:\/\/aypconsultores.cl\/wp-content\/uploads\/2022\/02\/ondasuperior.png 1920w, https:\/\/aypconsultores.cl\/wp-content\/uploads\/2022\/02\/ondasuperior-600x87.png 600w, https:\/\/aypconsultores.cl\/wp-content\/uploads\/2022\/02\/ondasuperior-300x44.png 300w, https:\/\/aypconsultores.cl\/wp-content\/uploads\/2022\/02\/ondasuperior-1024x149.png 1024w, https:\/\/aypconsultores.cl\/wp-content\/uploads\/2022\/02\/ondasuperior-1536x223.png 1536w\" sizes=\"auto, (max-width: 1920px) 100vw, 1920px\" \/><\/div><div class=\"l-section-h i-cf\"><div class=\"g-cols vc_row via_grid cols_1 laptops-cols_inherit tablets-cols_inherit mobiles-cols_1 valign_top type_default stacking_default\"><div class=\"wpb_column vc_column_container\"><div class=\"vc_column-inner\"><div class=\"wpb_text_column us_custom_e780b667 has_text_color\"><div class=\"wpb_wrapper\"><h4><strong>Diferenciaci\u00f3n de nuestros servicios<\/strong>:<\/h4>\n<\/div><\/div><div class=\"w-separator size_medium\"><\/div><div class=\"g-cols wpb_row via_grid cols_3 laptops-cols_inherit tablets-cols_inherit mobiles-cols_1 valign_top type_default stacking_default\" style=\"--gap:3rem;\"><div class=\"wpb_column vc_column_container\"><div class=\"vc_column-inner\"><div class=\"wpb_text_column\"><div class=\"wpb_wrapper\"><ul>\n<li>Consultar\u00eda y Asesor\u00eda de Proyectos, IMIV.<\/li>\n<li>Supervisi\u00f3n y Ejecuci\u00f3n de Medidas de Mitigaci\u00f3n Vial &#8211; IMIV.<\/li>\n<li>Informes de Mejoramiento de Paraderos.<\/li>\n<li>Estudios de Mejoramiento y Evaluaci\u00f3n Econ\u00f3mica Social de Proyectos Viales.<\/li>\n<li>Proyectos de Ingenier\u00eda de Detalle.<\/li>\n<li>Proyectos de Pavimentaci\u00f3n.<\/li>\n<li>Proyectos de Se\u00f1alizaci\u00f3n y Demarcaci\u00f3n.<\/li>\n<li>Estudios de Impacto Ambiental.<\/li>\n<\/ul>\n<\/div><\/div><\/div><\/div><div class=\"wpb_column vc_column_container\"><div class=\"vc_column-inner\"><div class=\"wpb_text_column\"><div class=\"wpb_wrapper\"><ul>\n<li>Declaraciones de Impacto Ambiental.<\/li>\n<li>Proyectos de Desv\u00edos de Tr\u00e1nsito.<\/li>\n<li>Estudios de Capacidad Vial.<\/li>\n<li>Estudios de Localizaci\u00f3n.<\/li>\n<li>Estudios de Programaci\u00f3n de Sem\u00e1foros.<\/li>\n<li>Construcci\u00f3n de Proyectos de Semaforizaci\u00f3n UOCT.<\/li>\n<li>Proyectos de Semaforizaci\u00f3n.<\/li>\n<li>Proyectos de Modificaci\u00f3n de Sem\u00e1foros UOCT.<\/li>\n<\/ul>\n<\/div><\/div><\/div><\/div><div class=\"wpb_column vc_column_container\"><div class=\"vc_column-inner\"><div class=\"wpb_text_column\"><div class=\"wpb_wrapper\"><ul>\n<li>Proyectos de Instalaci\u00f3n de CCTV &#8211; UOCT.<\/li>\n<li>Sinton\u00eda Fina de Sem\u00e1foros.<\/li>\n<li>Microsimulaci\u00f3n AIMSUN.<\/li>\n<li>Estudios y Proyectos de Mejoramiento Operacional.<\/li>\n<li>Estudios de Demanda y Explotaci\u00f3n de Estacionamientos.<\/li>\n<li>Todos los Proyectos incluyen de nuestra parte la Gesti\u00f3n de Aprobaci\u00f3n Municipal, Ministerial y otros organismos revisores.<\/li>\n<\/ul>\n<\/div><\/div><\/div><\/div><\/div><\/div><\/div><\/div><\/div><\/section><section class=\"l-section wpb_row height_custom\"><div class=\"l-section-h i-cf\"><div class=\"g-cols vc_row via_grid cols_1 laptops-cols_inherit tablets-cols_inherit mobiles-cols_1 valign_top type_default stacking_default\"><div class=\"wpb_column vc_column_container\"><div class=\"vc_column-inner\">\n\t\t\t<!-- START Misi\u00f3n y Visi\u00f3n REVOLUTION SLIDER 6.7.38 --><p class=\"rs-p-wp-fix\"><\/p>\n\t\t\t<rs-module-wrap id=\"rev_slider_1_1_wrapper\" data-source=\"gallery\" style=\"visibility:hidden;background:transparent;padding:0;margin:0px auto;margin-top:0;margin-bottom:0;\">\n\t\t\t\t<rs-module id=\"rev_slider_1_1\" style=\"\" data-version=\"6.7.38\">\n\t\t\t\t\t<rs-slides style=\"overflow: hidden; position: absolute;\">\n\t\t\t\t\t\t<rs-slide style=\"position: absolute;\" data-key=\"rs-1\" data-title=\"Slide\" data-anim=\"ms:1000;r:0;\" data-in=\"o:0;\" data-out=\"a:false;\">\n\t\t\t\t\t\t\t<img decoding=\"async\" src=\"\/\/aypconsultores.cl\/wp-content\/plugins\/revslider\/sr6\/assets\/assets\/dummy.png\" alt=\"Slide\" title=\"Qui\u00e9nes somos\" class=\"rev-slidebg tp-rs-img rs-lazyload\" data-lazyload=\"\/\/aypconsultores.cl\/wp-content\/plugins\/revslider\/sr6\/assets\/assets\/transparent.png\" data-no-retina>\n<!--\n\t\t\t\t\t\t\t--><rs-layer\n\t\t\t\t\t\t\t\tid=\"slider-1-slide-1-layer-0\" \n\t\t\t\t\t\t\t\tdata-type=\"image\"\n\t\t\t\t\t\t\t\tdata-rsp_ch=\"on\"\n\t\t\t\t\t\t\t\tdata-xy=\"x:r;xo:89px;y:c;\"\n\t\t\t\t\t\t\t\tdata-text=\"w:normal;\"\n\t\t\t\t\t\t\t\tdata-dim=\"w:818px;h:511px;\"\n\t\t\t\t\t\t\t\tdata-frame_999=\"o:0;st:w;\"\n\t\t\t\t\t\t\t\tstyle=\"z-index:5;\"\n\t\t\t\t\t\t\t><img decoding=\"async\" src=\"\/\/aypconsultores.cl\/wp-content\/plugins\/revslider\/sr6\/assets\/assets\/dummy.png\" alt=\"\" class=\"tp-rs-img rs-lazyload\" width=\"2000\" height=\"1249\" data-lazyload=\"\/\/aypconsultores.srtv.cl\/wp-content\/uploads\/2022\/02\/primera-foto-de-la-pestana-interna-de-ingenieria-de-transito.jpg\" data-no-retina> \n\t\t\t\t\t\t\t<\/rs-layer><!--\n\n\t\t\t\t\t\t\t--><rs-layer\n\t\t\t\t\t\t\t\tid=\"slider-1-slide-1-layer-1\" \n\t\t\t\t\t\t\t\tdata-type=\"text\"\n\t\t\t\t\t\t\t\tdata-color=\"#ffffff\"\n\t\t\t\t\t\t\t\tdata-rsp_ch=\"on\"\n\t\t\t\t\t\t\t\tdata-xy=\"x:70px;y:c;yo:-17px;\"\n\t\t\t\t\t\t\t\tdata-text=\"w:normal;\"\n\t\t\t\t\t\t\t\tdata-dim=\"w:681px;\"\n\t\t\t\t\t\t\t\tdata-padding=\"t:30;r:30;b:30;l:30;\"\n\t\t\t\t\t\t\t\tdata-frame_999=\"o:0;st:w;\"\n\t\t\t\t\t\t\t\tstyle=\"z-index:6;background-color:#8cc656;font-family:'Roboto';\"\n\t\t\t\t\t\t\t><h2>Misi\u00f3n<\/h2><br \/>\nSer una empresa que desarrolla Consultor\u00eda en Ingenier\u00eda de Transporte, Ingenier\u00eda de Detalle e Ingenier\u00eda Ambiental, respondiendo a todas las necesidades de sus clientes con una adecuada gesti\u00f3n de calidad y compromiso, permiti\u00e9ndonos ser reconocidos dentro del mercado como una empresa de excelencia. \n\t\t\t\t\t\t\t<\/rs-layer><!--\n-->\t\t\t\t\t<\/rs-slide>\n\t\t\t\t\t\t<rs-slide style=\"position: absolute;\" data-key=\"rs-2\" data-title=\"Slide\" data-anim=\"ms:1000;r:0;\" data-in=\"o:0;\" data-out=\"a:false;\">\n\t\t\t\t\t\t\t<img decoding=\"async\" src=\"\/\/aypconsultores.cl\/wp-content\/plugins\/revslider\/sr6\/assets\/assets\/dummy.png\" alt=\"Slide\" title=\"Qui\u00e9nes somos\" class=\"rev-slidebg tp-rs-img rs-lazyload\" data-lazyload=\"\/\/aypconsultores.cl\/wp-content\/plugins\/revslider\/sr6\/assets\/assets\/transparent.png\" data-no-retina>\n<!--\n\t\t\t\t\t\t\t--><rs-layer\n\t\t\t\t\t\t\t\tid=\"slider-1-slide-2-layer-0\" \n\t\t\t\t\t\t\t\tdata-type=\"image\"\n\t\t\t\t\t\t\t\tdata-rsp_ch=\"on\"\n\t\t\t\t\t\t\t\tdata-xy=\"x:r;xo:89px;y:c;\"\n\t\t\t\t\t\t\t\tdata-text=\"w:normal;\"\n\t\t\t\t\t\t\t\tdata-dim=\"w:818px;h:511px;\"\n\t\t\t\t\t\t\t\tdata-frame_999=\"o:0;st:w;\"\n\t\t\t\t\t\t\t\tstyle=\"z-index:5;\"\n\t\t\t\t\t\t\t><img decoding=\"async\" src=\"\/\/aypconsultores.cl\/wp-content\/plugins\/revslider\/sr6\/assets\/assets\/dummy.png\" alt=\"\" class=\"tp-rs-img rs-lazyload\" width=\"2000\" height=\"1249\" data-lazyload=\"\/\/aypconsultores.srtv.cl\/wp-content\/uploads\/2022\/02\/SEGUNDA-FOTO-DE-AREA-DE-EJECUCION-DE-MEDIDAS-DE-MITIGACION.jpg\" data-no-retina> \n\t\t\t\t\t\t\t<\/rs-layer><!--\n\n\t\t\t\t\t\t\t--><rs-layer\n\t\t\t\t\t\t\t\tid=\"slider-1-slide-2-layer-1\" \n\t\t\t\t\t\t\t\tdata-type=\"text\"\n\t\t\t\t\t\t\t\tdata-color=\"#ffffff\"\n\t\t\t\t\t\t\t\tdata-rsp_ch=\"on\"\n\t\t\t\t\t\t\t\tdata-xy=\"x:70px;y:c;yo:-17px;\"\n\t\t\t\t\t\t\t\tdata-text=\"w:normal;\"\n\t\t\t\t\t\t\t\tdata-dim=\"w:681px;\"\n\t\t\t\t\t\t\t\tdata-padding=\"t:30;r:30;b:30;l:30;\"\n\t\t\t\t\t\t\t\tdata-frame_999=\"o:0;st:w;\"\n\t\t\t\t\t\t\t\tstyle=\"z-index:6;background-color:#ed484c;font-family:'Roboto';\"\n\t\t\t\t\t\t\t><h2>Visi\u00f3n<\/h2><br \/>\nLograr un gran posicionamiento nacional siendo una empresa l\u00edder en consultor\u00eda de Ingenier\u00eda de Tr\u00e1nsito, Ingenier\u00eda de Detalle e Ingenier\u00eda Ambiental, entregando un servicio de la m\u00e1s alta calidad y confiabilidad, implementando nuevas tecnolog\u00edas e innovando constantemente en la b\u00fasqueda de las mejores soluciones para la satisfacci\u00f3n de nuestros clientes. \n\t\t\t\t\t\t\t<\/rs-layer><!--\n-->\t\t\t\t\t<\/rs-slide>\n\t\t\t\t\t<\/rs-slides>\n\t\t\t\t<\/rs-module>\n\t\t\t\t<script>\n\t\t\t\t\tsetREVStartSize({c: 'rev_slider_1_1',rl:[1240,1024,778,480],el:[400],gw:[1240],gh:[400],type:'standard',justify:'',layout:'fullwidth',mh:\"0\"});if (window.RS_MODULES!==undefined && window.RS_MODULES.modules!==undefined && window.RS_MODULES.modules[\"revslider11\"]!==undefined) {window.RS_MODULES.modules[\"revslider11\"].once = false;window.revapi1 = undefined;if (window.RS_MODULES.checkMinimal!==undefined) window.RS_MODULES.checkMinimal()}\n\t\t\t\t<\/script>\n\t\t\t<\/rs-module-wrap>\n\t\t\t<!-- END REVOLUTION SLIDER -->\n<\/div><\/div><\/div><\/div><\/section>\n","protected":false},"excerpt":{"rendered":"QUI\u00c9NES SOMOS Gesti\u00f3n e Ingenier\u00eda de Proyecto A&amp;P es una empresa creada en el a\u00f1o 2012, formada por un equipo profesional multidisciplinario de alto nivel t\u00e9cnico y con un enfoque de socio colaborador estrat\u00e9gico que entiende perfectamente la importancia de cada uno de tus proyectos. Nos caracterizamos por brindar una asesor\u00eda responsable, especializada y personalizada...","protected":false},"author":3,"featured_media":0,"parent":0,"menu_order":0,"comment_status":"closed","ping_status":"closed","template":"","meta":{"_acf_changed":false,"_monsterinsights_skip_tracking":false,"_monsterinsights_sitenote_active":false,"_monsterinsights_sitenote_note":"","_monsterinsights_sitenote_category":0,"footnotes":""},"class_list":["post-8141","page","type-page","status-publish","hentry"],"acf":[],"aioseo_notices":[],"_links":{"self":[{"href":"https:\/\/aypconsultores.cl\/index.php\/wp-json\/wp\/v2\/pages\/8141","targetHints":{"allow":["GET"]}}],"collection":[{"href":"https:\/\/aypconsultores.cl\/index.php\/wp-json\/wp\/v2\/pages"}],"about":[{"href":"https:\/\/aypconsultores.cl\/index.php\/wp-json\/wp\/v2\/types\/page"}],"author":[{"embeddable":true,"href":"https:\/\/aypconsultores.cl\/index.php\/wp-json\/wp\/v2\/users\/3"}],"replies":[{"embeddable":true,"href":"https:\/\/aypconsultores.cl\/index.php\/wp-json\/wp\/v2\/comments?post=8141"}],"version-history":[{"count":55,"href":"https:\/\/aypconsultores.cl\/index.php\/wp-json\/wp\/v2\/pages\/8141\/revisions"}],"predecessor-version":[{"id":8370,"href":"https:\/\/aypconsultores.cl\/index.php\/wp-json\/wp\/v2\/pages\/8141\/revisions\/8370"}],"wp:attachment":[{"href":"https:\/\/aypconsultores.cl\/index.php\/wp-json\/wp\/v2\/media?parent=8141"}],"curies":[{"name":"wp","href":"https:\/\/api.w.org\/{rel}","templated":true}]}}