{"id":8205,"date":"2022-02-14T16:27:53","date_gmt":"2022-02-14T16:27:53","guid":{"rendered":"http:\/\/aypconsultores.srtv.cl\/?page_id=8205"},"modified":"2022-02-22T14:37:00","modified_gmt":"2022-02-22T14:37:00","slug":"area-ingenieria-de-transito","status":"publish","type":"page","link":"https:\/\/aypconsultores.cl\/index.php\/area-ingenieria-de-transito\/","title":{"rendered":"\u00c1rea Ingenier\u00eda de Tr\u00e1nsito"},"content":{"rendered":"<section class=\"l-section wpb_row height_custom with_video with_youtube with_shape\"><div id=\"us_bg_video_i800\" class=\"l-section-video\"><script>!function(w){var node = document.getElementById( 'us_bg_video_i800' );if ( w.innerWidth <= 1024 ) { node.remove() }}(window);<\/script><style>@media(max-width:1024px){#us_bg_video_i800{display:none!important}}<\/style><script id=\"youtube_i800\">\r\n\t\t\t\t\twindow.USYTPlayers = ( window.USYTPlayers || { initYTFunctions: [], optionsYT: [], USYTInited: false } );\r\n\t\t\t\t\twindow.USYTPlayers.initYTFunctions.push( function() {\r\n\t\t\t\t\t\tvar player = new YT.Player( \"youtube_i800\" , {\r\n\t\t\t\t\t\t\tvideoId: \"VL_UNE6B0fc\",\r\n\t\t\t\t\t\t\tplayerVars: {\"playlist\":\"VL_UNE6B0fc\",\"autohide\":1,\"autoplay\":1,\"mute\":1,\"controls\":0,\"disablekb\":1,\"enablejsapi\":1,\"fs\":0,\"loop\":1,\"rel\":0,\"showinfo\":0},\r\n\t\t\t\t\t\t\tevents: {\r\n\t\t\t\t\t\t\t\tonReady: function ( e ) {\r\n\t\t\t\t\t\t\t\t\te.target.mute();\r\n\t\t\t\t\t\t\t\t\te.target.playVideo();\r\n\t\t\t\t\t\t\t\t\te.target.g.allow = \"autoplay; fullscreen; picture-in-picture\";\r\n\t\t\t\t\t\t\t\t\te.target.g.width = window.innerWidth;\r\n\t\t\t\t\t\t\t\t\te.target.g.loading = \"lazy\";\r\n\t\t\t\t\t\t\t\t\te.target.g.dispatchEvent( new Event( \"resize\", { bubbles: true } ) );\r\n\t\t\t\t\t\t\t\t}\r\n\t\t\t\t\t\t\t}\r\n\t\t\t\t\t\t});\r\n\t\t\t\t\t\tdocument.querySelector( \"script#youtube_api_i800\" ).remove();\r\n\t\t\t\t\t} );\r\n\t\t\t\t\twindow.onYouTubeIframeAPIReady = function() {\r\n\t\t\t\t\t\twindow.USYTPlayers.initYTFunctions.forEach( function( YTPlayer ) {\r\n\t\t\t\t\t\t\tif ( typeof YTPlayer === \"function\" ) {\r\n\t\t\t\t\t\t\t\tYTPlayer();\r\n\t\t\t\t\t\t\t}\r\n\t\t\t\t\t\t} );\r\n\t\t\t\t\t};\r\n\t\t\t\t\tvar script = document.createElement( \"script\" );\r\n\t\t\t\t\tscript.id = \"youtube_api_i800\";\r\n\t\t\t\t\tscript.src = \"https:\/\/www.youtube.com\/iframe_api\";\r\n\t\t\t\t\tdocument.head.append( script );\r\n\t\t\t\t<\/script><\/div><div class=\"l-section-overlay\" style=\"background:rgba(26,26,26,0.50)\"><\/div><div class=\"l-section-shape type_custom pos_bottom\" style=\"height:15vmin;\"><img loading=\"lazy\" decoding=\"async\" width=\"1920\" height=\"279\" src=\"https:\/\/aypconsultores.cl\/wp-content\/uploads\/2022\/02\/ondasuperior.png\" class=\"attachment-full size-full\" alt=\"\" srcset=\"https:\/\/aypconsultores.cl\/wp-content\/uploads\/2022\/02\/ondasuperior.png 1920w, https:\/\/aypconsultores.cl\/wp-content\/uploads\/2022\/02\/ondasuperior-600x87.png 600w, https:\/\/aypconsultores.cl\/wp-content\/uploads\/2022\/02\/ondasuperior-300x44.png 300w, https:\/\/aypconsultores.cl\/wp-content\/uploads\/2022\/02\/ondasuperior-1024x149.png 1024w, https:\/\/aypconsultores.cl\/wp-content\/uploads\/2022\/02\/ondasuperior-1536x223.png 1536w\" sizes=\"auto, (max-width: 1920px) 100vw, 1920px\" \/><\/div><div class=\"l-section-h i-cf\"><div class=\"g-cols vc_row via_grid cols_1 laptops-cols_inherit tablets-cols_inherit mobiles-cols_1 valign_top type_default stacking_default\"><div class=\"wpb_column vc_column_container\"><div class=\"vc_column-inner\"><div class=\"w-separator size_huge\"><\/div><div class=\"wpb_text_column us_custom_d44d8758 has_text_color\"><div class=\"wpb_wrapper\"><h2><strong>\u00c1rea Ingenier\u00eda de Tr\u00e1nsito<\/strong><\/h2>\n<\/div><\/div><div class=\"w-separator size_huge\"><\/div><\/div><\/div><\/div><\/div><\/section><section class=\"l-section wpb_row height_custom\"><div class=\"l-section-h i-cf\"><div class=\"g-cols vc_row via_grid cols_2 laptops-cols_inherit tablets-cols_inherit mobiles-cols_1 valign_top type_default stacking_default\"><div class=\"wpb_column vc_column_container\"><div class=\"vc_column-inner\"><div class=\"wpb_text_column us_custom_432d3f53\"><div class=\"wpb_wrapper\"><p>Nos comprometemos a elaborar el Informe de Mitigaci\u00f3n Vial para su proyecto conforme a las exigencias establecidas en el decreto 30 correspondiente al \u201cReglamento sobre Mitigaci\u00f3n de Impacto al Sistema de Movilidad Local Derivados de Proyectos de Crecimiento Urbano\u201d, cuyo objetivo es analizar, identificar y evaluar los diferentes tipos de impactos sobre el \u00e1rea de influencia del estudio, que provocan la localizaci\u00f3n de actividades relevantes.<\/p>\n<\/div><\/div><\/div><\/div><div class=\"wpb_column vc_column_container\"><div class=\"vc_column-inner\"><div class=\"w-image align_center\"><div class=\"w-image-h\"><img decoding=\"async\" width=\"2000\" height=\"1249\" src=\"https:\/\/aypconsultores.cl\/wp-content\/uploads\/2022\/02\/primera-foto-de-la-pestana-interna-de-ingenieria-de-transito-1.jpg\" class=\"attachment-full size-full\" alt=\"\" loading=\"lazy\" srcset=\"https:\/\/aypconsultores.cl\/wp-content\/uploads\/2022\/02\/primera-foto-de-la-pestana-interna-de-ingenieria-de-transito-1.jpg 2000w, https:\/\/aypconsultores.cl\/wp-content\/uploads\/2022\/02\/primera-foto-de-la-pestana-interna-de-ingenieria-de-transito-1-600x375.jpg 600w, https:\/\/aypconsultores.cl\/wp-content\/uploads\/2022\/02\/primera-foto-de-la-pestana-interna-de-ingenieria-de-transito-1-300x187.jpg 300w, https:\/\/aypconsultores.cl\/wp-content\/uploads\/2022\/02\/primera-foto-de-la-pestana-interna-de-ingenieria-de-transito-1-1024x639.jpg 1024w, https:\/\/aypconsultores.cl\/wp-content\/uploads\/2022\/02\/primera-foto-de-la-pestana-interna-de-ingenieria-de-transito-1-1536x959.jpg 1536w\" sizes=\"auto, (max-width: 2000px) 100vw, 2000px\" \/><\/div><\/div><\/div><\/div><\/div><\/div><\/section><section class=\"l-section wpb_row height_custom with_shape\"><div class=\"l-section-overlay\" style=\"background:#e8e8e8\"><\/div><div class=\"l-section-shape type_custom pos_top\" style=\"height:15vmin;\"><img loading=\"lazy\" decoding=\"async\" width=\"1920\" height=\"250\" src=\"https:\/\/aypconsultores.cl\/wp-content\/uploads\/2022\/02\/ondainferior-2.png\" class=\"attachment-full size-full\" alt=\"\" srcset=\"https:\/\/aypconsultores.cl\/wp-content\/uploads\/2022\/02\/ondainferior-2.png 1920w, https:\/\/aypconsultores.cl\/wp-content\/uploads\/2022\/02\/ondainferior-2-600x78.png 600w, https:\/\/aypconsultores.cl\/wp-content\/uploads\/2022\/02\/ondainferior-2-300x39.png 300w, https:\/\/aypconsultores.cl\/wp-content\/uploads\/2022\/02\/ondainferior-2-1024x133.png 1024w, https:\/\/aypconsultores.cl\/wp-content\/uploads\/2022\/02\/ondainferior-2-1536x200.png 1536w\" sizes=\"auto, (max-width: 1920px) 100vw, 1920px\" \/><\/div><div class=\"l-section-shape type_custom pos_bottom\" style=\"height:15vmin;\"><img loading=\"lazy\" decoding=\"async\" width=\"1920\" height=\"279\" src=\"https:\/\/aypconsultores.cl\/wp-content\/uploads\/2022\/02\/ondasuperior.png\" class=\"attachment-full size-full\" alt=\"\" srcset=\"https:\/\/aypconsultores.cl\/wp-content\/uploads\/2022\/02\/ondasuperior.png 1920w, https:\/\/aypconsultores.cl\/wp-content\/uploads\/2022\/02\/ondasuperior-600x87.png 600w, https:\/\/aypconsultores.cl\/wp-content\/uploads\/2022\/02\/ondasuperior-300x44.png 300w, https:\/\/aypconsultores.cl\/wp-content\/uploads\/2022\/02\/ondasuperior-1024x149.png 1024w, https:\/\/aypconsultores.cl\/wp-content\/uploads\/2022\/02\/ondasuperior-1536x223.png 1536w\" sizes=\"auto, (max-width: 1920px) 100vw, 1920px\" \/><\/div><div class=\"l-section-h i-cf\"><div class=\"g-cols vc_row via_grid cols_2 laptops-cols_inherit tablets-cols_inherit mobiles-cols_1 valign_top type_default stacking_default\"><div class=\"wpb_column vc_column_container\"><div class=\"vc_column-inner\"><div class=\"w-image align_center\"><div class=\"w-image-h\"><img decoding=\"async\" width=\"2048\" height=\"2560\" src=\"https:\/\/aypconsultores.cl\/wp-content\/uploads\/2022\/02\/segunda-foto-de-la-pestana-interna-area-ingenieria-de-transito-scaled.jpg\" class=\"attachment-full size-full\" alt=\"\" loading=\"lazy\" srcset=\"https:\/\/aypconsultores.cl\/wp-content\/uploads\/2022\/02\/segunda-foto-de-la-pestana-interna-area-ingenieria-de-transito-scaled.jpg 2048w, https:\/\/aypconsultores.cl\/wp-content\/uploads\/2022\/02\/segunda-foto-de-la-pestana-interna-area-ingenieria-de-transito-scaled-600x750.jpg 600w, https:\/\/aypconsultores.cl\/wp-content\/uploads\/2022\/02\/segunda-foto-de-la-pestana-interna-area-ingenieria-de-transito-240x300.jpg 240w, https:\/\/aypconsultores.cl\/wp-content\/uploads\/2022\/02\/segunda-foto-de-la-pestana-interna-area-ingenieria-de-transito-819x1024.jpg 819w, https:\/\/aypconsultores.cl\/wp-content\/uploads\/2022\/02\/segunda-foto-de-la-pestana-interna-area-ingenieria-de-transito-1229x1536.jpg 1229w\" sizes=\"auto, (max-width: 2048px) 100vw, 2048px\" \/><\/div><\/div><\/div><\/div><div class=\"wpb_column vc_column_container\"><div class=\"vc_column-inner\"><div class=\"wpb_text_column\"><div class=\"wpb_wrapper\"><h4><strong>Lista de principales trabajos:<\/strong><\/h4>\n<ul>\n<li>Consultar\u00eda y Asesor\u00eda de Proyectos, IMIV.<\/li>\n<li>Supervisi\u00f3n y Ejecuci\u00f3n de Medidas de Mitigaci\u00f3n Vial &#8211; IMIV.<\/li>\n<li>Informes de Mejoramiento de Paraderos<\/li>\n<li>Estudios de Mejoramiento y Evaluaci\u00f3n Econ\u00f3mica Social de Proyectos Viales.<\/li>\n<li>Proyectos de Se\u00f1alizaci\u00f3n y Demarcaci\u00f3n<\/li>\n<li>Proyectos de Desv\u00edos de Tr\u00e1nsito.<\/li>\n<li>Estudios de Capacidad Vial<\/li>\n<li>Estudios de Localizaci\u00f3n.<\/li>\n<li>Estudios de Programaci\u00f3n de Sem\u00e1foros.<\/li>\n<li>Construcci\u00f3n de Proyectos de Semaforizaci\u00f3n.<\/li>\n<li>Proyectos de Semaforizaci\u00f3n.<\/li>\n<li>Proyectos de Modificaci\u00f3n de Sem\u00e1foros UOCT<\/li>\n<li>Proyectos de Instalaci\u00f3n de CCTV &#8211; UOCT<\/li>\n<li>Sinton\u00eda Fina de Sem\u00e1foros.<\/li>\n<li>Microsimulaci\u00f3n AIMSUN.<\/li>\n<li>Estudios y Proyectos de Mejoramiento Operacional.<\/li>\n<li>Estudios de Demanda y Explotaci\u00f3n de Estacionamientos.<\/li>\n<\/ul>\n<\/div><\/div><\/div><\/div><\/div><\/div><\/section><section class=\"l-section wpb_row height_custom\"><div class=\"l-section-h i-cf\"><div class=\"g-cols vc_row via_grid cols_1 laptops-cols_inherit tablets-cols_inherit mobiles-cols_1 valign_top type_default stacking_default\"><div class=\"wpb_column vc_column_container\"><div class=\"vc_column-inner\">[vc_raw_html]JTVCZW52aXJhLWdhbGxlcnklMjBpZCUzRCUyMjgyNDMlMjIlNUQ=[\/vc_raw_html]<\/div><\/div><\/div><\/div><\/section>\n","protected":false},"excerpt":{"rendered":"\u00c1rea Ingenier\u00eda de Tr\u00e1nsito Nos comprometemos a elaborar el Informe de Mitigaci\u00f3n Vial para su proyecto conforme a las exigencias establecidas en el decreto 30 correspondiente al \u201cReglamento sobre Mitigaci\u00f3n de Impacto al Sistema de Movilidad Local Derivados de Proyectos de Crecimiento Urbano\u201d, cuyo objetivo es analizar, identificar y evaluar los diferentes tipos de impactos...","protected":false},"author":3,"featured_media":0,"parent":0,"menu_order":0,"comment_status":"closed","ping_status":"closed","template":"","meta":{"_acf_changed":false,"_monsterinsights_skip_tracking":false,"_monsterinsights_sitenote_active":false,"_monsterinsights_sitenote_note":"","_monsterinsights_sitenote_category":0,"footnotes":""},"class_list":["post-8205","page","type-page","status-publish","hentry"],"acf":[],"aioseo_notices":[],"_links":{"self":[{"href":"https:\/\/aypconsultores.cl\/index.php\/wp-json\/wp\/v2\/pages\/8205","targetHints":{"allow":["GET"]}}],"collection":[{"href":"https:\/\/aypconsultores.cl\/index.php\/wp-json\/wp\/v2\/pages"}],"about":[{"href":"https:\/\/aypconsultores.cl\/index.php\/wp-json\/wp\/v2\/types\/page"}],"author":[{"embeddable":true,"href":"https:\/\/aypconsultores.cl\/index.php\/wp-json\/wp\/v2\/users\/3"}],"replies":[{"embeddable":true,"href":"https:\/\/aypconsultores.cl\/index.php\/wp-json\/wp\/v2\/comments?post=8205"}],"version-history":[{"count":15,"href":"https:\/\/aypconsultores.cl\/index.php\/wp-json\/wp\/v2\/pages\/8205\/revisions"}],"predecessor-version":[{"id":8371,"href":"https:\/\/aypconsultores.cl\/index.php\/wp-json\/wp\/v2\/pages\/8205\/revisions\/8371"}],"wp:attachment":[{"href":"https:\/\/aypconsultores.cl\/index.php\/wp-json\/wp\/v2\/media?parent=8205"}],"curies":[{"name":"wp","href":"https:\/\/api.w.org\/{rel}","templated":true}]}}