{"id":8253,"date":"2022-02-14T19:39:56","date_gmt":"2022-02-14T19:39:56","guid":{"rendered":"http:\/\/aypconsultores.srtv.cl\/?page_id=8253"},"modified":"2022-02-23T16:59:35","modified_gmt":"2022-02-23T16:59:35","slug":"area-ingenieria-de-detalle","status":"publish","type":"page","link":"https:\/\/aypconsultores.cl\/index.php\/area-ingenieria-de-detalle\/","title":{"rendered":"\u00c1rea Ingenier\u00eda de Detalle"},"content":{"rendered":"<section class=\"l-section wpb_row height_custom with_video with_youtube with_shape\"><div id=\"us_bg_video_e511\" class=\"l-section-video\"><script>!function(w){var node = document.getElementById( 'us_bg_video_e511' );if ( w.innerWidth <= 1024 ) { node.remove() }}(window);<\/script><style>@media(max-width:1024px){#us_bg_video_e511{display:none!important}}<\/style><script id=\"youtube_e511\">\r\n\t\t\t\t\twindow.USYTPlayers = ( window.USYTPlayers || { initYTFunctions: [], optionsYT: [], USYTInited: false } );\r\n\t\t\t\t\twindow.USYTPlayers.initYTFunctions.push( function() {\r\n\t\t\t\t\t\tvar player = new YT.Player( \"youtube_e511\" , {\r\n\t\t\t\t\t\t\tvideoId: \"vIFKOseJM1U\",\r\n\t\t\t\t\t\t\tplayerVars: {\"playlist\":\"vIFKOseJM1U\",\"autohide\":1,\"autoplay\":1,\"mute\":1,\"controls\":0,\"disablekb\":1,\"enablejsapi\":1,\"fs\":0,\"loop\":1,\"rel\":0,\"showinfo\":0},\r\n\t\t\t\t\t\t\tevents: {\r\n\t\t\t\t\t\t\t\tonReady: function ( e ) {\r\n\t\t\t\t\t\t\t\t\te.target.mute();\r\n\t\t\t\t\t\t\t\t\te.target.playVideo();\r\n\t\t\t\t\t\t\t\t\te.target.g.allow = \"autoplay; fullscreen; picture-in-picture\";\r\n\t\t\t\t\t\t\t\t\te.target.g.width = window.innerWidth;\r\n\t\t\t\t\t\t\t\t\te.target.g.loading = \"lazy\";\r\n\t\t\t\t\t\t\t\t\te.target.g.dispatchEvent( new Event( \"resize\", { bubbles: true } ) );\r\n\t\t\t\t\t\t\t\t}\r\n\t\t\t\t\t\t\t}\r\n\t\t\t\t\t\t});\r\n\t\t\t\t\t\tdocument.querySelector( \"script#youtube_api_e511\" ).remove();\r\n\t\t\t\t\t} );\r\n\t\t\t\t\twindow.onYouTubeIframeAPIReady = function() {\r\n\t\t\t\t\t\twindow.USYTPlayers.initYTFunctions.forEach( function( YTPlayer ) {\r\n\t\t\t\t\t\t\tif ( typeof YTPlayer === \"function\" ) {\r\n\t\t\t\t\t\t\t\tYTPlayer();\r\n\t\t\t\t\t\t\t}\r\n\t\t\t\t\t\t} );\r\n\t\t\t\t\t};\r\n\t\t\t\t\tvar script = document.createElement( \"script\" );\r\n\t\t\t\t\tscript.id = \"youtube_api_e511\";\r\n\t\t\t\t\tscript.src = \"https:\/\/www.youtube.com\/iframe_api\";\r\n\t\t\t\t\tdocument.head.append( script );\r\n\t\t\t\t<\/script><\/div><div class=\"l-section-overlay\" style=\"background:rgba(26,26,26,0.50)\"><\/div><div class=\"l-section-shape type_custom pos_bottom\" style=\"height:15vmin;\"><img loading=\"lazy\" decoding=\"async\" width=\"1920\" height=\"279\" src=\"https:\/\/aypconsultores.cl\/wp-content\/uploads\/2022\/02\/ondasuperior.png\" class=\"attachment-full size-full\" alt=\"\" srcset=\"https:\/\/aypconsultores.cl\/wp-content\/uploads\/2022\/02\/ondasuperior.png 1920w, https:\/\/aypconsultores.cl\/wp-content\/uploads\/2022\/02\/ondasuperior-600x87.png 600w, https:\/\/aypconsultores.cl\/wp-content\/uploads\/2022\/02\/ondasuperior-300x44.png 300w, https:\/\/aypconsultores.cl\/wp-content\/uploads\/2022\/02\/ondasuperior-1024x149.png 1024w, https:\/\/aypconsultores.cl\/wp-content\/uploads\/2022\/02\/ondasuperior-1536x223.png 1536w\" sizes=\"auto, (max-width: 1920px) 100vw, 1920px\" \/><\/div><div class=\"l-section-h i-cf\"><div class=\"g-cols vc_row via_grid cols_1 laptops-cols_inherit tablets-cols_inherit mobiles-cols_1 valign_top type_default stacking_default\"><div class=\"wpb_column vc_column_container\"><div class=\"vc_column-inner\"><div class=\"w-separator size_huge\"><\/div><div class=\"wpb_text_column us_custom_d44d8758 has_text_color\"><div class=\"wpb_wrapper\"><h2><strong>\u00c1rea Ingenier\u00eda de Detalle<\/strong><\/h2>\n<\/div><\/div><div class=\"w-separator size_huge\"><\/div><\/div><\/div><\/div><\/div><\/section><section class=\"l-section wpb_row height_custom\"><div class=\"l-section-h i-cf\"><div class=\"g-cols vc_row via_grid cols_1 laptops-cols_inherit tablets-cols_inherit mobiles-cols_1 valign_top type_default stacking_default\"><div class=\"wpb_column vc_column_container\"><div class=\"vc_column-inner\"><div class=\"wpb_text_column\"><div class=\"wpb_wrapper\"><p>Nuestra \u00c1rea de Ingenier\u00eda de Detalles est\u00e1 capacitada para determinar soluciones de manera precisa a los requerimientos privados o p\u00fablicos para la materializaci\u00f3n de su proyecto, basado en la normativa vigente establecida por SERVIU o la Direcci\u00f3n de Vialidad del Ministerio de Obras P\u00fablicas.<\/p>\n<p>Nuestro objetivo es estudiar en detalle cada proyecto, minimizando los imprevistos y facilitar su concreci\u00f3n.<\/p>\n<p>Cada proyecto elaborado por nuestra empresa ira acompa\u00f1ado de la documentaci\u00f3n t\u00e9cnica que usted requiere, entre ellos, planos de ingenier\u00eda, especificaciones t\u00e9cnicas y presupuestos.<\/p>\n<p>Entre los proyectos que desarrollamos se encuentran:<\/p>\n<ul>\n<li style=\"list-style-type: none;\">\n<ul>\n<li>Proyectos de Pavimentaci\u00f3n<\/li>\n<li>Proyectos de Mejoramiento de Aceras y Calzada<\/li>\n<li>Presentaci\u00f3n y Tramitaci\u00f3n de Formulario (F8) SERVIU<\/li>\n<li>Proyectos de Regulaci\u00f3n de Accesos Vehiculares<\/li>\n<li>Proyectos de Iluminaci\u00f3n<\/li>\n<li>Proyectos de Dispositivos de Rodados<\/li>\n<li>Proyectos de Cambio de Sumideros<\/li>\n<li>Proyecto de Soluci\u00f3n de Aguas Lluvias<\/li>\n<li>Proyectos de Desarrollo de Pavimentaci\u00f3n Interior de Espacios Privados<\/li>\n<li>Proyectos de Facilidades de Accesibilidad Universal<\/li>\n<\/ul>\n<\/li>\n<\/ul>\n<\/div><\/div><div class=\"w-separator size_large\"><\/div><div class=\"wpb_text_column\"><div class=\"wpb_wrapper\"><h3><strong>Proyecto: Ingenier\u00eda de Detalles Iluminaci\u00f3n<\/strong><\/h3>\n<p><img decoding=\"async\" class=\"mitad\" src=\"\/wp-content\/uploads\/2022\/02\/Imagen1.png\" alt=\"\" \/><br \/>\n<img decoding=\"async\" class=\"mitad\" src=\"\/wp-content\/uploads\/2022\/02\/Imagen2.png\" alt=\"\" \/><\/p>\n<\/div><\/div><div class=\"w-separator size_medium\"><\/div><div class=\"wpb_text_column\"><div class=\"wpb_wrapper\"><h3><strong>Proyecto: Ingenier\u00eda de Detalles Pavimentaci\u00f3n<\/strong><\/h3>\n<p><img loading=\"lazy\" decoding=\"async\" class=\"alignnone size-full wp-image-8383\" src=\"\/wp-content\/uploads\/2022\/02\/Imagen3.png\" alt=\"\" width=\"900\" height=\"604\" srcset=\"https:\/\/aypconsultores.cl\/wp-content\/uploads\/2022\/02\/Imagen3.png 900w, https:\/\/aypconsultores.cl\/wp-content\/uploads\/2022\/02\/Imagen3-300x201.png 300w, https:\/\/aypconsultores.cl\/wp-content\/uploads\/2022\/02\/Imagen3-600x403.png 600w\" sizes=\"auto, (max-width: 900px) 100vw, 900px\" \/><\/p>\n<\/div><\/div><div class=\"w-separator size_medium\"><\/div><div class=\"wpb_text_column\"><div class=\"wpb_wrapper\"><h3><strong>Proyecto: Ingenier\u00eda de Detalles Dispositivos de Rodados<\/strong><\/h3>\n<p><img loading=\"lazy\" decoding=\"async\" class=\"alignnone size-full wp-image-8384\" src=\"\/wp-content\/uploads\/2022\/02\/Imagen4.png\" alt=\"\" width=\"900\" height=\"626\" srcset=\"https:\/\/aypconsultores.cl\/wp-content\/uploads\/2022\/02\/Imagen4.png 900w, https:\/\/aypconsultores.cl\/wp-content\/uploads\/2022\/02\/Imagen4-300x209.png 300w, https:\/\/aypconsultores.cl\/wp-content\/uploads\/2022\/02\/Imagen4-600x417.png 600w\" sizes=\"auto, (max-width: 900px) 100vw, 900px\" \/><\/p>\n<\/div><\/div><div class=\"w-separator size_medium\"><\/div><div class=\"wpb_text_column\"><div class=\"wpb_wrapper\"><h3><strong>Proyecto: Proyecto de Aguas Lluvias<\/strong><\/h3>\n<p><img loading=\"lazy\" decoding=\"async\" class=\"alignnone size-full wp-image-8385\" src=\"\/wp-content\/uploads\/2022\/02\/Imagen5.png\" alt=\"\" width=\"883\" height=\"635\" srcset=\"https:\/\/aypconsultores.cl\/wp-content\/uploads\/2022\/02\/Imagen5.png 883w, https:\/\/aypconsultores.cl\/wp-content\/uploads\/2022\/02\/Imagen5-300x216.png 300w, https:\/\/aypconsultores.cl\/wp-content\/uploads\/2022\/02\/Imagen5-600x431.png 600w\" sizes=\"auto, (max-width: 883px) 100vw, 883px\" \/><\/p>\n<\/div><\/div><div class=\"w-separator size_medium\"><\/div><div class=\"wpb_text_column\"><div class=\"wpb_wrapper\"><h3><strong>Proyecto: Elaboraci\u00f3n Formulario 8 (F8) -SERVIU<\/strong><\/h3>\n<p><img loading=\"lazy\" decoding=\"async\" class=\"alignnone size-full wp-image-8386\" src=\"\/wp-content\/uploads\/2022\/02\/Imagen6.png\" alt=\"\" width=\"900\" height=\"639\" srcset=\"https:\/\/aypconsultores.cl\/wp-content\/uploads\/2022\/02\/Imagen6.png 900w, https:\/\/aypconsultores.cl\/wp-content\/uploads\/2022\/02\/Imagen6-300x213.png 300w, https:\/\/aypconsultores.cl\/wp-content\/uploads\/2022\/02\/Imagen6-600x426.png 600w\" sizes=\"auto, (max-width: 900px) 100vw, 900px\" \/><\/p>\n<\/div><\/div><\/div><\/div><\/div><\/div><\/section>\n","protected":false},"excerpt":{"rendered":"\u00c1rea Ingenier\u00eda de Detalle Nuestra \u00c1rea de Ingenier\u00eda de Detalles est\u00e1 capacitada para determinar soluciones de manera precisa a los requerimientos privados o p\u00fablicos para la materializaci\u00f3n de su proyecto, basado en la normativa vigente establecida por SERVIU o la Direcci\u00f3n de Vialidad del Ministerio de Obras P\u00fablicas. Nuestro objetivo es estudiar en detalle cada...","protected":false},"author":3,"featured_media":0,"parent":0,"menu_order":0,"comment_status":"closed","ping_status":"closed","template":"","meta":{"_acf_changed":false,"_monsterinsights_skip_tracking":false,"_monsterinsights_sitenote_active":false,"_monsterinsights_sitenote_note":"","_monsterinsights_sitenote_category":0,"footnotes":""},"class_list":["post-8253","page","type-page","status-publish","hentry"],"acf":[],"aioseo_notices":[],"_links":{"self":[{"href":"https:\/\/aypconsultores.cl\/index.php\/wp-json\/wp\/v2\/pages\/8253","targetHints":{"allow":["GET"]}}],"collection":[{"href":"https:\/\/aypconsultores.cl\/index.php\/wp-json\/wp\/v2\/pages"}],"about":[{"href":"https:\/\/aypconsultores.cl\/index.php\/wp-json\/wp\/v2\/types\/page"}],"author":[{"embeddable":true,"href":"https:\/\/aypconsultores.cl\/index.php\/wp-json\/wp\/v2\/users\/3"}],"replies":[{"embeddable":true,"href":"https:\/\/aypconsultores.cl\/index.php\/wp-json\/wp\/v2\/comments?post=8253"}],"version-history":[{"count":9,"href":"https:\/\/aypconsultores.cl\/index.php\/wp-json\/wp\/v2\/pages\/8253\/revisions"}],"predecessor-version":[{"id":8387,"href":"https:\/\/aypconsultores.cl\/index.php\/wp-json\/wp\/v2\/pages\/8253\/revisions\/8387"}],"wp:attachment":[{"href":"https:\/\/aypconsultores.cl\/index.php\/wp-json\/wp\/v2\/media?parent=8253"}],"curies":[{"name":"wp","href":"https:\/\/api.w.org\/{rel}","templated":true}]}}