{"id":8306,"date":"2022-02-15T16:29:52","date_gmt":"2022-02-15T16:29:52","guid":{"rendered":"http:\/\/aypconsultores.srtv.cl\/?page_id=8306"},"modified":"2022-02-22T14:09:41","modified_gmt":"2022-02-22T14:09:41","slug":"estudios-y-proyectos","status":"publish","type":"page","link":"https:\/\/aypconsultores.cl\/index.php\/estudios-y-proyectos\/","title":{"rendered":"Estudios y Proyectos"},"content":{"rendered":"<section class=\"l-section wpb_row height_custom with_video with_youtube with_shape\"><div id=\"us_bg_video_efcb\" class=\"l-section-video\"><script>!function(w){var node = document.getElementById( 'us_bg_video_efcb' );if ( w.innerWidth <= 1024 ) { node.remove() }}(window);<\/script><style>@media(max-width:1024px){#us_bg_video_efcb{display:none!important}}<\/style><script id=\"youtube_efcb\">\r\n\t\t\t\t\twindow.USYTPlayers = ( window.USYTPlayers || { initYTFunctions: [], optionsYT: [], USYTInited: false } );\r\n\t\t\t\t\twindow.USYTPlayers.initYTFunctions.push( function() {\r\n\t\t\t\t\t\tvar player = new YT.Player( \"youtube_efcb\" , {\r\n\t\t\t\t\t\t\tvideoId: \"i0kqlSXDmtg\",\r\n\t\t\t\t\t\t\tplayerVars: {\"playlist\":\"i0kqlSXDmtg\",\"autohide\":1,\"autoplay\":1,\"mute\":1,\"controls\":0,\"disablekb\":1,\"enablejsapi\":1,\"fs\":0,\"loop\":1,\"rel\":0,\"showinfo\":0},\r\n\t\t\t\t\t\t\tevents: {\r\n\t\t\t\t\t\t\t\tonReady: function ( e ) {\r\n\t\t\t\t\t\t\t\t\te.target.mute();\r\n\t\t\t\t\t\t\t\t\te.target.playVideo();\r\n\t\t\t\t\t\t\t\t\te.target.g.allow = \"autoplay; fullscreen; picture-in-picture\";\r\n\t\t\t\t\t\t\t\t\te.target.g.width = window.innerWidth;\r\n\t\t\t\t\t\t\t\t\te.target.g.loading = \"lazy\";\r\n\t\t\t\t\t\t\t\t\te.target.g.dispatchEvent( new Event( \"resize\", { bubbles: true } ) );\r\n\t\t\t\t\t\t\t\t}\r\n\t\t\t\t\t\t\t}\r\n\t\t\t\t\t\t});\r\n\t\t\t\t\t\tdocument.querySelector( \"script#youtube_api_efcb\" ).remove();\r\n\t\t\t\t\t} );\r\n\t\t\t\t\twindow.onYouTubeIframeAPIReady = function() {\r\n\t\t\t\t\t\twindow.USYTPlayers.initYTFunctions.forEach( function( YTPlayer ) {\r\n\t\t\t\t\t\t\tif ( typeof YTPlayer === \"function\" ) {\r\n\t\t\t\t\t\t\t\tYTPlayer();\r\n\t\t\t\t\t\t\t}\r\n\t\t\t\t\t\t} );\r\n\t\t\t\t\t};\r\n\t\t\t\t\tvar script = document.createElement( \"script\" );\r\n\t\t\t\t\tscript.id = \"youtube_api_efcb\";\r\n\t\t\t\t\tscript.src = \"https:\/\/www.youtube.com\/iframe_api\";\r\n\t\t\t\t\tdocument.head.append( script );\r\n\t\t\t\t<\/script><\/div><div class=\"l-section-overlay\" style=\"background:rgba(26,26,26,0.50)\"><\/div><div class=\"l-section-shape type_custom pos_bottom\" style=\"height:15vmin;\"><img loading=\"lazy\" decoding=\"async\" width=\"1920\" height=\"279\" src=\"https:\/\/aypconsultores.cl\/wp-content\/uploads\/2022\/02\/ondasuperior.png\" class=\"attachment-full size-full\" alt=\"\" srcset=\"https:\/\/aypconsultores.cl\/wp-content\/uploads\/2022\/02\/ondasuperior.png 1920w, https:\/\/aypconsultores.cl\/wp-content\/uploads\/2022\/02\/ondasuperior-600x87.png 600w, https:\/\/aypconsultores.cl\/wp-content\/uploads\/2022\/02\/ondasuperior-300x44.png 300w, https:\/\/aypconsultores.cl\/wp-content\/uploads\/2022\/02\/ondasuperior-1024x149.png 1024w, https:\/\/aypconsultores.cl\/wp-content\/uploads\/2022\/02\/ondasuperior-1536x223.png 1536w\" sizes=\"auto, (max-width: 1920px) 100vw, 1920px\" \/><\/div><div class=\"l-section-h i-cf\"><div class=\"g-cols vc_row via_grid cols_1 laptops-cols_inherit tablets-cols_inherit mobiles-cols_1 valign_top type_default stacking_default\"><div class=\"wpb_column vc_column_container\"><div class=\"vc_column-inner\"><div class=\"w-separator size_huge\"><\/div><div class=\"wpb_text_column us_custom_d44d8758 has_text_color\"><div class=\"wpb_wrapper\"><h2><strong>Estudios y Proyectos<\/strong><\/h2>\n<\/div><\/div><div class=\"w-separator size_huge\"><\/div><\/div><\/div><\/div><\/div><\/section><section class=\"l-section wpb_row height_custom\"><div class=\"l-section-h i-cf\"><div class=\"g-cols vc_row via_grid cols_1 laptops-cols_inherit tablets-cols_inherit mobiles-cols_1 valign_top type_default stacking_default\"><div class=\"wpb_column vc_column_container\"><div class=\"vc_column-inner\"><div class=\"w-tabs layout_ver navwidth_auto navpos_left style_default switch_click has_scrolling\" style=\"--sections-title-size:1em\"><div class=\"w-tabs-list items_5 align_none\"><div class=\"w-tabs-list-h\"><button class=\"w-tabs-item active\" aria-controls=\"content-rcc1\" aria-expanded=\"false\"><span class=\"w-tabs-item-title\">2022<\/span><\/button><button class=\"w-tabs-item\" aria-controls=\"content-z148\" aria-expanded=\"false\"><span class=\"w-tabs-item-title\">2021<\/span><\/button><button class=\"w-tabs-item\" aria-controls=\"content-u3f8\" aria-expanded=\"false\"><span class=\"w-tabs-item-title\">2020<\/span><\/button><button class=\"w-tabs-item\" aria-controls=\"content-d61b\" aria-expanded=\"false\"><span class=\"w-tabs-item-title\">2019<\/span><\/button><button class=\"w-tabs-item\" aria-controls=\"content-f77f\" aria-expanded=\"false\"><span class=\"w-tabs-item-title\">2017 &#8211; 2019<\/span><\/button><\/div><\/div><div class=\"w-tabs-sections titles-align_none icon_chevron cpos_right\"><div class=\"w-tabs-section active\" id=\"rcc1\"><button class=\"w-tabs-section-header active\" aria-controls=\"content-rcc1\" aria-expanded=\"true\"><div class=\"w-tabs-section-title\">2022<\/div><div class=\"w-tabs-section-control\"><\/div><\/button><div  class=\"w-tabs-section-content\" id=\"content-rcc1\"><div class=\"w-tabs-section-content-h i-cf\"><div class=\"wpb_text_column\"><div class=\"wpb_wrapper\"><h3><strong>AVO I<\/strong><\/h3>\n<ul>\n<li>Sinton\u00eda Fina Diferentes Intersecciones Sector 1 y 2 Autopista Vespucio Oriente<\/li>\n<\/ul>\n<h3><strong>La Florida<\/strong><\/h3>\n<ul>\n<li>Proyectos de Ingenier\u00eda Medidas de Mitigaci\u00f3n EISTU Edificio Froilan Roa Etapa 2<\/li>\n<\/ul>\n<h3><strong>La Pintana<\/strong><\/h3>\n<ul>\n<li>Licitaci\u00f3n Estudio Justificaci\u00f3n de Sem\u00e1foros La Pintana<\/li>\n<\/ul>\n<h3><strong>Las Condes<\/strong><\/h3>\n<ul>\n<li>Ejecuci\u00f3n Proyectos de Ingenier\u00eda Medidas de Mitigaci\u00f3n Edificio Padre Hurtado<\/li>\n<\/ul>\n<\/div><\/div><\/div><\/div><\/div><div class=\"w-tabs-section\" id=\"z148\"><button class=\"w-tabs-section-header\" aria-controls=\"content-z148\" aria-expanded=\"false\"><div class=\"w-tabs-section-title\">2021<\/div><div class=\"w-tabs-section-control\"><\/div><\/button><div  class=\"w-tabs-section-content\" id=\"content-z148\"><div class=\"w-tabs-section-content-h i-cf\"><div class=\"wpb_text_column\"><div class=\"wpb_wrapper\"><h3><strong>Antofagasta<\/strong><\/h3>\n<ul>\n<li>Estudio de Impacto Sobre el Sistema de Transporte Urbano EISTU Centro Log\u00edstico Capricornio<\/li>\n<li>Proyecto de Ingenier\u00eda Medida de Mitgaci\u00f3n CCTV Hotel IBIS Antofagasta (UOCT)<\/li>\n<\/ul>\n<h3><strong>AVO I<\/strong><\/h3>\n<ul>\n<li>Sinton\u00eda Fina Diferentes Intersecciones Sector 1 y 2 Autopista Vespucio Oriente<\/li>\n<\/ul>\n<h3><strong>Cerro Navia<\/strong><\/h3>\n<ul>\n<li>Estudio Justificaci\u00f3n de Sem\u00e1foros Serrano &#8211; R\u00edo Douro Norte y Sur \/ Federico Err\u00e1zuriz &#8211; Mapocho<\/li>\n<\/ul>\n<h3><strong>Colina<\/strong><\/h3>\n<ul>\n<li>Estudio de Impacto Sobre el Sistema de Transporte Urbano EISTU Condominio Reina Norte<\/li>\n<\/ul>\n<h3><strong>Estaci\u00f3n Central<\/strong><\/h3>\n<ul>\n<li>Estudio de Acceso Edificio Coronel Godoy<\/li>\n<\/ul>\n<h3><strong>Independencia<\/strong><\/h3>\n<ul>\n<li>Informe Vial B\u00e1sico Edificio Vivaceta<\/li>\n<\/ul>\n<h3><strong>La Cisterna<\/strong><\/h3>\n<ul>\n<li>Declaraci\u00f3n de Impacto Ambiental Edificio Jose Ureta<\/li>\n<\/ul>\n<h3><strong>La Florida<\/strong><\/h3>\n<ul>\n<li>Informe Vial B\u00e1sico Edificio La Parroquia<\/li>\n<li>Informe Vial B\u00e1sico Edificio Vicu\u00f1a Mackenna 7585<\/li>\n<li>Proyecto de Semaforizaci\u00f3n Medida de Mitigaci\u00f3n Edificio Walker Mart\u00ednez<\/li>\n<li>Proyectos de Ingenier\u00eda Medidas de Mitigaci\u00f3n Edificio Bellavista<\/li>\n<li>Proyectos de Ingenier\u00eda Medidas de Mitigaci\u00f3n EISTU Edificio Froilan Roa Etapa 1<\/li>\n<\/ul>\n<h3><strong>La Pintana &#8211; San Bernado &#8211; Puente Alto<\/strong><\/h3>\n<ul>\n<li>Proyecto de Desv\u00edos de Tr\u00e1nsito Lo Mena &#8211; Aguas Andinas<\/li>\n<\/ul>\n<h3><strong>Las Condes<\/strong><\/h3>\n<ul>\n<li>Proyecto de Se\u00f1alizaci\u00f3n y Demarcaci\u00f3n Edificio Telef\u00f3nica<\/li>\n<li>Proyectos de Ingenier\u00eda Medidas de Mitigaci\u00f3n Edificio Padre Hurtado<\/li>\n<li>Servicio de Topograf\u00eda Edificio Padre Hurtado<\/li>\n<\/ul>\n<h3><strong>\u00d1u\u00f1oa<\/strong><\/h3>\n<ul>\n<li>Proyecto de Desv\u00edos de Medidas de Mitigaci\u00f3n Edificio Pedro de Valdivia<\/li>\n<li>Proyecto de Se\u00f1alizaci\u00f3n y Demarcaci\u00f3n Edificio Za\u00f1artu<\/li>\n<li>Proyectos de Ingenier\u00eda Medidas de Mitigaci\u00f3n Edificio Matta 67<\/li>\n<\/ul>\n<h3><strong>Padre Hurtado<\/strong><\/h3>\n<ul>\n<li>An\u00e1lisis de Suficiencia Cementerio Parque Padre Hurtado<\/li>\n<\/ul>\n<h3><strong>Paine<\/strong><\/h3>\n<ul>\n<li>Licitaci\u00f3n Estudio Justificaci\u00f3n de Sem\u00e1foros Paine<\/li>\n<\/ul>\n<h3><strong>Palmilla<\/strong><\/h3>\n<ul>\n<li>Regularizaci\u00f3n Accesos Planta Palmilla Vi\u00f1a Santa Rita<\/li>\n<\/ul>\n<h3><strong>Providencia<\/strong><\/h3>\n<ul>\n<li>Proyecto de Desv\u00edos de Tr\u00e1nsito Providencia &#8211; Aguas Andinas<\/li>\n<\/ul>\n<h3><strong>Rancagua<\/strong><\/h3>\n<ul>\n<li>Proyecto de Se\u00f1alizaci\u00f3n y Demarcaci\u00f3n Av. Capit\u00e1n Antonio Mill\u00e1n &#8211; Cachapoal &#8211; Av. Las Torres<\/li>\n<li>Proyecto de Se\u00f1alizaci\u00f3n y Demarcaci\u00f3n Av. Las Torres &#8211; Manuel Montt<\/li>\n<li>Proyecto Semaforizaci\u00f3n Av. Las Torres &#8211; Manuel Montt &#8211; Diego de Almagro<\/li>\n<li>Sinton\u00eda Fina Av. Las Torres &#8211; Manuel Montt &#8211; Diego de Almagro<\/li>\n<\/ul>\n<h3><strong>San Joaqu\u00edn<\/strong><\/h3>\n<ul>\n<li>Proyectos de Ingenier\u00eda Medidas de Mitigaci\u00f3n Edificio San Joaqu\u00edn<\/li>\n<\/ul>\n<h3><strong>San Miguel<\/strong><\/h3>\n<ul>\n<li>Estudio Justificaci\u00f3n de Sem\u00e1foros Gran Avenida &#8211; Av. Lazo<\/li>\n<li>Proyectos de Ingenier\u00eda Medidas de Mitigaci\u00f3n Edificio Activa Vicu\u00f1a<\/li>\n<\/ul>\n<h3><strong>Santiago<\/strong><\/h3>\n<ul>\n<li>Ejecuci\u00f3n Proyectos de Ingenier\u00eda Medidas de Mitigaci\u00f3n Edificio Manuel Rodr\u00edguez<\/li>\n<li>Estudio de Acceso Edificio Domeyko<\/li>\n<li>Informe Vial B\u00e1sico Edificio Brasil<\/li>\n<li>Informe Vial B\u00e1sico Edificio Diagonal Paraguay<\/li>\n<li>Informe Vial B\u00e1sico Edificio Matta 36<\/li>\n<li>Informe Vial B\u00e1sico Edificio Novo Catedral<\/li>\n<li>Informe Vial B\u00e1sico Edificio Yungay<\/li>\n<li>Proyectos de Ingenier\u00eda Medidas de Mitigaci\u00f3n Edificio Manuel Rodr\u00edguez<\/li>\n<li>Proyectos de Ingenier\u00eda Medidas de Mitigaci\u00f3n Edificio Santa Rosa<\/li>\n<\/ul>\n<h3><strong>Valdivia<\/strong><\/h3>\n<ul>\n<li>Mejoramiento Costanera Arturo Prat, Tramo Puente Pedro de Valdivia Puente Calle-Calle<\/li>\n<\/ul>\n<h3><strong>Vitacura<\/strong><\/h3>\n<ul>\n<li>Estudio Justificaci\u00f3n de Sem\u00e1foros Gran V\u00eda &#8211; V\u00eda Blanca<\/li>\n<\/ul>\n<\/div><\/div><\/div><\/div><\/div><div class=\"w-tabs-section\" id=\"u3f8\"><button class=\"w-tabs-section-header\" aria-controls=\"content-u3f8\" aria-expanded=\"false\"><div class=\"w-tabs-section-title\">2020<\/div><div class=\"w-tabs-section-control\"><\/div><\/button><div  class=\"w-tabs-section-content\" id=\"content-u3f8\"><div class=\"w-tabs-section-content-h i-cf\"><div class=\"wpb_text_column\"><div class=\"wpb_wrapper\"><h3><strong>Buin<\/strong><\/h3>\n<ul>\n<li>Estudio de Acceso Condominio Aires de Buin<\/li>\n<\/ul>\n<h3><strong>Estaci\u00f3n Central<\/strong><\/h3>\n<ul>\n<li>Proyecto de Desv\u00edos de Tr\u00e1nsito Alameda-Las Rejas-Placilla &#8211; Aguas Andinas<\/li>\n<\/ul>\n<h3><strong>La Cisterna<\/strong><\/h3>\n<ul>\n<li>Declaraci\u00f3n de Impacto Ambiental Edificio Briones Luco<\/li>\n<li>Estudio de Acceso Edificio Jos\u00e9 Ureta<\/li>\n<\/ul>\n<h3><strong>La Florida<\/strong><\/h3>\n<ul>\n<li>Informe Vial B\u00e1sico Edificio Colombia II<\/li>\n<\/ul>\n<h3><strong>Las Condes<\/strong><\/h3>\n<ul>\n<li>Declaraci\u00f3n de Impacto Ambiental Edificio Padre Hurtado<\/li>\n<\/ul>\n<h3><strong>Maip\u00fa<\/strong><\/h3>\n<ul>\n<li>Licitaci\u00f3n Estudio Justificaci\u00f3n de Sem\u00e1foros Maip\u00fa<\/li>\n<\/ul>\n<h3><strong>\u00d1u\u00f1oa<\/strong><\/h3>\n<ul>\n<li>Declaraci\u00f3n de Impacto Ambiental Edificio Los Alerces<\/li>\n<li>Estudio de Acceso Edificio Los Alerces<\/li>\n<li>Informe Vial B\u00e1sico Edificio Matta 67<\/li>\n<\/ul>\n<h3><strong>San Joaqu\u00edn<\/strong><\/h3>\n<ul>\n<li>Declaraci\u00f3n de Impacto Ambiental Edificio San Joaqu\u00edn<\/li>\n<\/ul>\n<h3><strong>Santiago<\/strong><\/h3>\n<ul>\n<li>Ejecuci\u00f3n Proyectos de Ingenier\u00eda Medidas de Mitigaci\u00f3n Edificio Carmen<\/li>\n<li>Estudio de Acceso Edificio Serrano<\/li>\n<li>Proyecto de Modificaci\u00f3n de Sem\u00e1foro (UPS) Edificio Conexi\u00f3n<\/li>\n<li>Proyectos de Ingenier\u00eda Medidas de Mitigaci\u00f3n Edificio Carmen<\/li>\n<li>Proyectos de Ingenier\u00eda Medidas de Mitigaci\u00f3n Edificio Vicu\u00f1a Mackenna &#8211; Dittborn<\/li>\n<li>Proyectos de Ingenier\u00eda Medidas de Mitigaci\u00f3n Edificio Briones Luco<\/li>\n<\/ul>\n<\/div><\/div><\/div><\/div><\/div><div class=\"w-tabs-section\" id=\"d61b\"><button class=\"w-tabs-section-header\" aria-controls=\"content-d61b\" aria-expanded=\"false\"><div class=\"w-tabs-section-title\">2019<\/div><div class=\"w-tabs-section-control\"><\/div><\/button><div  class=\"w-tabs-section-content\" id=\"content-d61b\"><div class=\"w-tabs-section-content-h i-cf\"><div class=\"wpb_text_column\"><div class=\"wpb_wrapper\"><h3><strong>Estaci\u00f3n Central<\/strong><\/h3>\n<ul>\n<li>Microsimulaci\u00f3n AIMSUM Cruce Peatonal Terminal de Buses Sur.<\/li>\n<\/ul>\n<h3><strong>La Florida<\/strong><\/h3>\n<ul>\n<li>Proyecto de Modificaci\u00f3n de Sem\u00e1foro (Cambio Controlador) Edificio Colombia I<\/li>\n<li>Proyectos de Ingenier\u00eda Medidas de Mitigaci\u00f3n Edificio Colombia I<\/li>\n<\/ul>\n<h3><strong>Mac\u00fal<\/strong><\/h3>\n<ul>\n<li>Estudio Justificaci\u00f3n de Sem\u00e1foros Macul &#8211; Madreselvas.<\/li>\n<\/ul>\n<h3><strong>Pe\u00f1alolen<\/strong><\/h3>\n<p>Microsimulaci\u00f3n AIMSUM Hijuelas &#8211; Quilin<\/p>\n<h3><strong>Santiago<\/strong><\/h3>\n<ul>\n<li>Estudio Justificaci\u00f3n de Sem\u00e1foros Nataniel Cox &#8211; Eyzaguirre<\/li>\n<li>Informe Vial B\u00e1sico Edificio Carmen<\/li>\n<li>Informe Vial B\u00e1sico Edificio Mart\u00ednez de Rozas<\/li>\n<\/ul>\n<h3><strong>Vitacura<\/strong><\/h3>\n<ul>\n<li>Microsimulaci\u00f3n AIMSUM Factibilidad Ciclov\u00edas Vitacura<\/li>\n<\/ul>\n<\/div><\/div><\/div><\/div><\/div><div class=\"w-tabs-section\" id=\"f77f\"><button class=\"w-tabs-section-header\" aria-controls=\"content-f77f\" aria-expanded=\"false\"><div class=\"w-tabs-section-title\">2017 &#8211; 2019<\/div><div class=\"w-tabs-section-control\"><\/div><\/button><div  class=\"w-tabs-section-content\" id=\"content-f77f\"><div class=\"w-tabs-section-content-h i-cf\"><div class=\"wpb_text_column\"><div class=\"wpb_wrapper\"><h3><strong>8 Comunas<\/strong><\/h3>\n<p>Estudio de Ingenier\u00eda de Detalle &#8211; Mejoramiento Eje Lo Ovalle &#8211; Lo Err\u00e1zuriz.<\/p>\n<\/div><\/div><\/div><\/div><\/div><\/div><\/div><\/div><\/div><\/div><\/div><\/section>\n","protected":false},"excerpt":{"rendered":"Estudios y Proyectos 20222021202020192017 &#8211; 20192022AVO I Sinton\u00eda Fina Diferentes Intersecciones Sector 1 y 2 Autopista Vespucio Oriente La Florida Proyectos de Ingenier\u00eda Medidas de Mitigaci\u00f3n EISTU Edificio Froilan Roa Etapa 2 La Pintana Licitaci\u00f3n Estudio Justificaci\u00f3n de Sem\u00e1foros La Pintana Las Condes Ejecuci\u00f3n Proyectos de Ingenier\u00eda Medidas de Mitigaci\u00f3n Edificio Padre Hurtado 2021Antofagasta Estudio...","protected":false},"author":3,"featured_media":0,"parent":0,"menu_order":0,"comment_status":"closed","ping_status":"closed","template":"","meta":{"_acf_changed":false,"_monsterinsights_skip_tracking":false,"_monsterinsights_sitenote_active":false,"_monsterinsights_sitenote_note":"","_monsterinsights_sitenote_category":0,"footnotes":""},"class_list":["post-8306","page","type-page","status-publish","hentry"],"acf":[],"aioseo_notices":[],"_links":{"self":[{"href":"https:\/\/aypconsultores.cl\/index.php\/wp-json\/wp\/v2\/pages\/8306","targetHints":{"allow":["GET"]}}],"collection":[{"href":"https:\/\/aypconsultores.cl\/index.php\/wp-json\/wp\/v2\/pages"}],"about":[{"href":"https:\/\/aypconsultores.cl\/index.php\/wp-json\/wp\/v2\/types\/page"}],"author":[{"embeddable":true,"href":"https:\/\/aypconsultores.cl\/index.php\/wp-json\/wp\/v2\/users\/3"}],"replies":[{"embeddable":true,"href":"https:\/\/aypconsultores.cl\/index.php\/wp-json\/wp\/v2\/comments?post=8306"}],"version-history":[{"count":10,"href":"https:\/\/aypconsultores.cl\/index.php\/wp-json\/wp\/v2\/pages\/8306\/revisions"}],"predecessor-version":[{"id":8364,"href":"https:\/\/aypconsultores.cl\/index.php\/wp-json\/wp\/v2\/pages\/8306\/revisions\/8364"}],"wp:attachment":[{"href":"https:\/\/aypconsultores.cl\/index.php\/wp-json\/wp\/v2\/media?parent=8306"}],"curies":[{"name":"wp","href":"https:\/\/api.w.org\/{rel}","templated":true}]}}